{"id":3210,"date":"2017-04-10T23:16:37","date_gmt":"2017-04-10T23:16:37","guid":{"rendered":"https:\/\/bags.tn\/demo\/?post_type=product&#038;p=3210"},"modified":"2023-03-21T17:01:54","modified_gmt":"2023-03-21T17:01:54","slug":"sac-viennoiserie","status":"publish","type":"product","link":"https:\/\/bags.tn\/fr\/produit\/sac-viennoiserie\/","title":{"rendered":"Sac Viennoiseries"},"content":{"rendered":"<p>Sac Viennoiserie d\u00e9cor\u00e9 fabriqu\u00e9 en&nbsp;papier kraft blanchi 40 g\/m2 ou kraft Brun 38 g\/m2<br \/>\nil existe en diff\u00e9rents formats, de une \u00e0 seize viennoiseries ou brioches.<br \/>\nCe sac&nbsp;fait partie des sacs \u00e9cologiques 100% recycables et imprim\u00e9s avec des encres \u00e0 eau.<\/p>\n<!-- AddThis Advanced Settings generic via filter on the_content --><!-- AddThis Share Buttons generic via filter on the_content -->","protected":false},"excerpt":{"rendered":"<div align=\"center\"><img src=\"http:\/\/bags.tn\/fr\/wp-content\/uploads\/2017\/04\/Model-Bags.jpg\" \/><\/div>\n<p>&nbsp;<\/p>\n<table class=\"table \" width=\"100%\">\n<thead>\n<tr>\n<th style=\"text-align: center;\"><span style=\"color: #7bae23;\">Capacit\u00e9<\/span><\/th>\n<th style=\"text-align: center;\"><span style=\"color: #7bae23;\">Hauteur*Largeur*Soufflet<\/span><\/th>\n<th style=\"text-align: center;\"><span style=\"color: #7bae23;\">Sacs\/Colis<\/span><\/th>\n<th style=\"text-align: center;\"><span style=\"color: #7bae23;\">Prix\/Colis<\/span><\/th>\n<\/tr>\n<\/thead>\n<tbody>\n<tr>\n<td style=\"text-align: center;\">1 Viennoiserie<\/td>\n<td style=\"text-align: center;\">20*10*5<\/td>\n<td style=\"text-align: center;\">100<\/td>\n<td style=\"text-align: center;\">2.700<\/td>\n<\/tr>\n<tr>\n<td style=\"text-align: center;\">4 Viennoiseries<\/td>\n<td style=\"text-align: center;\">27*17*7<\/td>\n<td style=\"text-align: center;\">100<\/td>\n<td style=\"text-align: center;\">3.900<\/td>\n<\/tr>\n<tr>\n<td style=\"text-align: center;\">10 Viennoiseries<\/td>\n<td style=\"text-align: center;\">35*17*7<\/td>\n<td style=\"text-align: center;\">100<\/td>\n<td style=\"text-align: center;\">5.000<\/td>\n<\/tr>\n<tr>\n<td style=\"text-align: center;\">16 Viennoiseries<\/td>\n<td style=\"text-align: center;\">44*22*12<\/td>\n<td style=\"text-align: center;\">100<\/td>\n<td style=\"text-align: center;\">9.000<\/td>\n<\/tr>\n<\/tbody>\n<\/table>\n<p><!-- AddThis Advanced Settings generic via filter on get_the_excerpt --><!-- AddThis Share Buttons generic via filter on get_the_excerpt --><\/p>\n","protected":false},"featured_media":3388,"template":"","meta":[],"_links":{"self":[{"href":"https:\/\/bags.tn\/fr\/wp-json\/wp\/v2\/product\/3210"}],"collection":[{"href":"https:\/\/bags.tn\/fr\/wp-json\/wp\/v2\/product"}],"about":[{"href":"https:\/\/bags.tn\/fr\/wp-json\/wp\/v2\/types\/product"}],"wp:featuredmedia":[{"embeddable":true,"href":"https:\/\/bags.tn\/fr\/wp-json\/wp\/v2\/media\/3388"}],"wp:attachment":[{"href":"https:\/\/bags.tn\/fr\/wp-json\/wp\/v2\/media?parent=3210"}],"curies":[{"name":"wp","href":"https:\/\/api.w.org\/{rel}","templated":true}]}}