{"id":3117,"date":"2017-04-10T22:43:48","date_gmt":"2017-04-10T22:43:48","guid":{"rendered":"https:\/\/bags.tn\/demo\/?post_type=product&#038;p=3117"},"modified":"2019-04-05T08:05:29","modified_gmt":"2019-04-05T08:05:29","slug":"sac-pour-decoration-de-table","status":"publish","type":"product","link":"https:\/\/bags.tn\/fr\/produit\/sac-pour-decoration-de-table\/","title":{"rendered":"Sac pour D\u00e9coration de Table"},"content":{"rendered":"<p>Magnifique Collection de Sacs pour Sandwiches avec fen\u00eatre lat\u00e9rale perfor\u00e9e.<br \/>\nParfaitement \u00e9tudi\u00e9s pour sa pr\u00e9sentation sur vitrines. id\u00e9aux pour inciter \u00e0 l&#8217;achat impulsif.<br \/>\nFabriqu\u00e9s avec papier Kraft ingraissable (40g\/m2) et fen\u00eatre avec film transparence avec petites perforations afin que le produit respire.<br \/>\nLarge visibilit\u00e9 frontale et lat\u00e9rale. G\u00e9n\u00e9reuse superficie de papier pour imprimer votre Logo.<\/p>\n<p>Conditionn\u00e9 en colis de 100 sacs.<\/p>\n<p>Tailles disponibles :<\/p>\n<p>20 x 10 x 5<br \/>\n20 x 15 x 5<br \/>\n25 x 10 x 5<br \/>\n25 x 12 x 5<br \/>\n25 x 15 x 6<br \/>\n25 x 17 x 7<br \/>\n33 x 22 x 7<\/p>\n<!-- AddThis Advanced Settings generic via filter on the_content --><!-- AddThis Share Buttons generic via filter on the_content -->","protected":false},"excerpt":{"rendered":"<div align=\"center\"><img src=\"http:\/\/bags.tn\/fr\/wp-content\/uploads\/2017\/04\/Model-Bags.jpg\" \/><\/div>\n<p>&nbsp;<\/p>\n<table class=\"table \" width=\"100%\">\n<thead>\n<tr>\n<th><span style=\"color: #7bae23;\">Hauteur x Largeur x Soufflet (en cm)<\/span><\/th>\n<th><span style=\"color: #7bae23;\">Grammage<br \/>\n(g\/m\u00b2)<\/span><\/th>\n<th><span style=\"color: #7bae23;\">Sacs \/ Colis<\/span><\/th>\n<th><span style=\"color: #7bae23;\">Prix DT H.T Le Colis<\/span><\/th>\n<\/tr>\n<\/thead>\n<tbody>\n<tr>\n<td>20 x 10 x 5<\/td>\n<td>40<\/td>\n<td>100<\/td>\n<td>1.900<\/td>\n<\/tr>\n<tr>\n<td>20 x 15 x 5<\/td>\n<td>40<\/td>\n<td>100<\/td>\n<td>2.750<\/td>\n<\/tr>\n<tr>\n<td>25 x 10 x 5<\/td>\n<td>40<\/td>\n<td>100<\/td>\n<td>2.300<\/td>\n<\/tr>\n<tr>\n<td>25 x 12 x 5<\/td>\n<td>40<\/td>\n<td>100<\/td>\n<td>2.750<\/td>\n<\/tr>\n<tr>\n<td>25 x 15 x 6<\/td>\n<td>40<\/td>\n<td>100<\/td>\n<td>3.500<\/td>\n<\/tr>\n<tr>\n<td>25 x 17 x 7<\/td>\n<td>40<\/td>\n<td>100<\/td>\n<td>3.900<\/td>\n<\/tr>\n<tr>\n<td>33 x 22 x 7<\/td>\n<td>50<\/td>\n<td>100<\/td>\n<td>6.600<\/td>\n<\/tr>\n<\/tbody>\n<\/table>\n<p><!-- AddThis Advanced Settings generic via filter on get_the_excerpt --><!-- AddThis Share Buttons generic via filter on get_the_excerpt --><\/p>\n","protected":false},"featured_media":3458,"template":"","meta":[],"_links":{"self":[{"href":"https:\/\/bags.tn\/fr\/wp-json\/wp\/v2\/product\/3117"}],"collection":[{"href":"https:\/\/bags.tn\/fr\/wp-json\/wp\/v2\/product"}],"about":[{"href":"https:\/\/bags.tn\/fr\/wp-json\/wp\/v2\/types\/product"}],"wp:featuredmedia":[{"embeddable":true,"href":"https:\/\/bags.tn\/fr\/wp-json\/wp\/v2\/media\/3458"}],"wp:attachment":[{"href":"https:\/\/bags.tn\/fr\/wp-json\/wp\/v2\/media?parent=3117"}],"curies":[{"name":"wp","href":"https:\/\/api.w.org\/{rel}","templated":true}]}}