{"id":2962,"date":"2017-04-10T20:46:03","date_gmt":"2017-04-10T20:46:03","guid":{"rendered":"https:\/\/bags.tn\/demo\/?post_type=product&#038;p=2962"},"modified":"2019-04-05T08:06:27","modified_gmt":"2019-04-05T08:06:27","slug":"sac-sandwich-avec-fenetre","status":"publish","type":"product","link":"https:\/\/bags.tn\/fr\/produit\/sac-sandwich-avec-fenetre\/","title":{"rendered":"Sac Ouvert sur Deux Cot\u00e9s"},"content":{"rendered":"<p>Aidez les gourmands \u00e0 revenir chez vous et attirer d&#8217;autres passants en distribuant Le sac Sandwich ouvert sur deux cot\u00e9s.<br \/>\nApte au contact alimentaire direct, il vous permet de valoriser votre savoir faire et la qualit\u00e9 de vos produits.<br \/>\nLe Sac Sandwich ouvert sur deux cot\u00e9s\u00a0est recyclable et imprim\u00e9 avec des encres \u00e0 l&#8217;eau de 1 \u00e0 4 couleurs.<\/p>\n<p>Conditionn\u00e9 en colis de 200 sacs.<\/p>\n<p>Tailles disponibles :<\/p>\n<ul>\n<li>12 x 12<\/li>\n<li>15 x 12<\/li>\n<li>15 x 15<\/li>\n<li>17 x 12<\/li>\n<li>17 x 17<\/li>\n<li>20 x 12<\/li>\n<\/ul>\n<!-- AddThis Advanced Settings generic via filter on the_content --><!-- AddThis Share Buttons generic via filter on the_content -->","protected":false},"excerpt":{"rendered":"<div align=\"center\"><img src=\"http:\/\/bags.tn\/fr\/wp-content\/uploads\/2017\/04\/Model-Bags.jpg\" \/><\/div>\n<p>&nbsp;<\/p>\n<table class=\"table \" width=\"100%\">\n<thead>\n<tr>\n<th><span style=\"color: #7bae23;\">Hauteur x Largeur x Soufflet (en cm)<\/span><\/th>\n<th><span style=\"color: #7bae23;\">Grammage<br \/>\n(g\/m\u00b2)<\/span><\/th>\n<th><span style=\"color: #7bae23;\">Sacs \/ Colis<\/span><\/th>\n<th><span style=\"color: #7bae23;\">Prix DT H.T Le Colis<\/span><\/th>\n<\/tr>\n<\/thead>\n<tbody>\n<tr>\n<td>12 x 12<\/td>\n<td>40<\/td>\n<td>200<\/td>\n<td>1.500<\/td>\n<\/tr>\n<tr>\n<td>15\u00a0x 12<\/td>\n<td>40<\/td>\n<td>200<\/td>\n<td>1.800<\/td>\n<\/tr>\n<tr>\n<td>15 x 15<\/td>\n<td>40<\/td>\n<td>200<\/td>\n<td>2.300<\/td>\n<\/tr>\n<tr>\n<td>17\u00a0x 12<\/td>\n<td>40<\/td>\n<td>200<\/td>\n<td>2.100<\/td>\n<\/tr>\n<tr>\n<td>17\u00a0x 17<\/td>\n<td>40<\/td>\n<td>200<\/td>\n<td>2.900<\/td>\n<\/tr>\n<tr>\n<td>20 x 12<\/td>\n<td>40<\/td>\n<td>200<\/td>\n<td>2.500<\/td>\n<\/tr>\n<tr>\n<td><\/td>\n<td><\/td>\n<td><\/td>\n<td><\/td>\n<\/tr>\n<\/tbody>\n<\/table>\n<p><!-- AddThis Advanced Settings generic via filter on get_the_excerpt --><!-- AddThis Share Buttons generic via filter on get_the_excerpt --><\/p>\n","protected":false},"featured_media":3011,"template":"","meta":[],"_links":{"self":[{"href":"https:\/\/bags.tn\/fr\/wp-json\/wp\/v2\/product\/2962"}],"collection":[{"href":"https:\/\/bags.tn\/fr\/wp-json\/wp\/v2\/product"}],"about":[{"href":"https:\/\/bags.tn\/fr\/wp-json\/wp\/v2\/types\/product"}],"wp:featuredmedia":[{"embeddable":true,"href":"https:\/\/bags.tn\/fr\/wp-json\/wp\/v2\/media\/3011"}],"wp:attachment":[{"href":"https:\/\/bags.tn\/fr\/wp-json\/wp\/v2\/media?parent=2962"}],"curies":[{"name":"wp","href":"https:\/\/api.w.org\/{rel}","templated":true}]}}