{"id":2555,"date":"2017-03-23T19:48:27","date_gmt":"2017-03-23T19:48:27","guid":{"rendered":"https:\/\/bags.tn\/demo\/?post_type=product&#038;p=2555"},"modified":"2019-04-05T08:06:32","modified_gmt":"2019-04-05T08:06:32","slug":"sac-sandwich","status":"publish","type":"product","link":"https:\/\/bags.tn\/fr\/produit\/sac-sandwich\/","title":{"rendered":"Sac Sandwich"},"content":{"rendered":"<p>Aidez les gourmands \u00e0 revenir chez vous et attirer d&#8217;autres passants en distribuant Le sac Sandwich color\u00e9 \u00e0 votre image.<br \/>\nApte au contact alimentaire direct, il vous permet de valoriser votre savoir faire et la qualit\u00e9 de vos produits.<br \/>\nLe Sac Sandwich en papier est recyclable et imprim\u00e9 avec des encres \u00e0 l&#8217;eau de 1 \u00e0 4 couleurs.<\/p>\n<p>Conditionn\u00e9 en colis de 200 sacs.<\/p>\n<p>Tailles disponibles :<\/p>\n<ul>\n<li>20 x 15 x 6<\/li>\n<li>22 x 10 x 5<\/li>\n<li>22 x 12 x 6<\/li>\n<li>29 x 10 x 5<\/li>\n<li>29 x 12 x 6<\/li>\n<li>29 x 15 x 7<\/li>\n<li>30 x 17 x 7<\/li>\n<\/ul>\n<!-- AddThis Advanced Settings generic via filter on the_content --><!-- AddThis Share Buttons generic via filter on the_content -->","protected":false},"excerpt":{"rendered":"<div align=\"center\"><img src=\"http:\/\/bags.tn\/fr\/wp-content\/uploads\/2017\/04\/Model-Bags.jpg\" \/><\/div>\n<p>&nbsp;<\/p>\n<table class=\"table \" width=\"100%\">\n<thead>\n<tr>\n<th><span style=\"color: #7bae23;\">Hauteur x Largeur x Soufflet (en cm)<\/span><\/th>\n<th><span style=\"color: #7bae23;\">Grammage<br \/>\n(g\/m\u00b2)<\/span><\/th>\n<th><span style=\"color: #7bae23;\"> Sacs \/ Colis<\/span><\/th>\n<th><span style=\"color: #7bae23;\"> DT H.T Le Colis<\/span><\/th>\n<\/tr>\n<\/thead>\n<tbody>\n<tr>\n<td>20 x 15 x 5<\/td>\n<td>40<\/td>\n<td>200<\/td>\n<td>4.200<\/td>\n<\/tr>\n<tr>\n<td>22 x 10\u00a0x 5<\/td>\n<td>40<\/td>\n<td>200<\/td>\n<td>3.300<\/td>\n<\/tr>\n<tr>\n<td>22 x 12 x 6<\/td>\n<td>40<\/td>\n<td>200<\/td>\n<td>4.000<\/td>\n<\/tr>\n<tr>\n<td>29 x 10 x 5<\/td>\n<td>40<\/td>\n<td>200<\/td>\n<td>4.400<\/td>\n<\/tr>\n<tr>\n<td>29 x 12 x 6<\/td>\n<td>50<\/td>\n<td>200<\/td>\n<td>4.900<\/td>\n<\/tr>\n<tr>\n<td>29 x 15 x 7<\/td>\n<td>50<\/td>\n<td>200<\/td>\n<td>8.000<\/td>\n<\/tr>\n<tr>\n<td>30 x 17 x 8<\/td>\n<td>50<\/td>\n<td>200<\/td>\n<td>9.000<\/td>\n<\/tr>\n<\/tbody>\n<\/table>\n<p><!-- AddThis Advanced Settings generic via filter on get_the_excerpt --><!-- AddThis Share Buttons generic via filter on get_the_excerpt --><\/p>\n","protected":false},"featured_media":2945,"template":"","meta":[],"_links":{"self":[{"href":"https:\/\/bags.tn\/fr\/wp-json\/wp\/v2\/product\/2555"}],"collection":[{"href":"https:\/\/bags.tn\/fr\/wp-json\/wp\/v2\/product"}],"about":[{"href":"https:\/\/bags.tn\/fr\/wp-json\/wp\/v2\/types\/product"}],"wp:featuredmedia":[{"embeddable":true,"href":"https:\/\/bags.tn\/fr\/wp-json\/wp\/v2\/media\/2945"}],"wp:attachment":[{"href":"https:\/\/bags.tn\/fr\/wp-json\/wp\/v2\/media?parent=2555"}],"curies":[{"name":"wp","href":"https:\/\/api.w.org\/{rel}","templated":true}]}}